{"id":14,"date":"2014-09-24T22:14:02","date_gmt":"2014-09-24T22:14:02","guid":{"rendered":"http:\/\/www.kriesi.at\/themes\/enfold-coming-soon\/?page_id=13"},"modified":"2021-10-30T11:57:17","modified_gmt":"2021-10-30T11:57:17","slug":"coming-soon-page","status":"publish","type":"page","link":"https:\/\/shiroi.com.tr\/","title":{"rendered":"Coming Soon Page"},"content":{"rendered":"<div id='av_section_1'  class='avia-section main_color avia-section-large avia-no-border-styling  avia-bg-style-fixed  avia-builder-el-0  avia-builder-el-no-sibling   av-minimum-height av-minimum-height-100  container_wrap sidebar_right' style='background-color: #0a0a0a;  '   data-av_minimum_height_pc='100'><div class='container' ><main  role=\"main\" itemprop=\"mainContentOfPage\"  class='template-page content  av-content-small alpha units'><div class='post-entry post-entry-type-page post-entry-14'><div class='entry-content-wrapper clearfix'>\n<div class=\"flex_column av_one_fourth  flex_column_div first  avia-builder-el-1  el_before_av_one_half  avia-builder-el-first  \" ><\/div><div class=\"flex_column av_one_half  flex_column_div   avia-builder-el-2  el_after_av_one_fourth  el_before_av_one_fourth  \" ><p><div  class='avia-image-container avia_animated_image avia_animate_when_almost_visible pop-up av-styling-no-styling    avia-builder-el-3  el_before_av_heading  avia-builder-el-first  avia-align-center '  itemprop=\"image\" itemscope=\"itemscope\" itemtype=\"https:\/\/schema.org\/ImageObject\"  ><div class='avia-image-container-inner'><div class='avia-image-overlay-wrap'><img class='wp-image-18 avia-img-lazy-loading-not-18 avia_image' src='https:\/\/shiroi.com.tr\/wp-content\/uploads\/2021\/10\/shiroi_logo_Calisma-Yuzeyi-1-kopya-4.png' alt='' title='shiroi_logo_\u00c7al\u0131\u015fma Y\u00fczeyi 1 kopya 4' height=\"791\" width=\"1754\"  itemprop=\"thumbnailUrl\"  \/><\/div><\/div><\/div><br \/>\n<div  style='padding-bottom:10px; color:#ffffff;font-size:44px;' class='av-special-heading av-special-heading-h1 custom-color-heading blockquote modern-quote modern-centered  avia-builder-el-4  el_after_av_image  el_before_av_heading  av-thin-font av-inherit-size '><h1 class='av-special-heading-tag '  itemprop=\"headline\"  ><strong>COMING SOON<\/strong><br \/><\/h1><div class ='av-subheading av-subheading_below av_custom_color ' style='font-size:15px;'><p>the new brand of women\u2019s fashion!<\/p>\n<\/div><div class='special-heading-border'><div class='special-heading-inner-border' style='border-color:#ffffff'><\/div><\/div><\/div><br \/>\n<div  style='padding-bottom:10px; color:#dddddd;' class='av-special-heading av-special-heading-h3 custom-color-heading blockquote modern-quote modern-centered  avia-builder-el-5  el_after_av_heading  el_before_av_iconlist  '><h3 class='av-special-heading-tag '  itemprop=\"headline\"  >CONTACT US<\/h3><div class='special-heading-border'><div class='special-heading-inner-border' style='border-color:#dddddd'><\/div><\/div><\/div><br \/>\n<div  class='avia-icon-list-container   avia-builder-el-6  el_after_av_heading  avia-builder-el-last '><ul class='avia-icon-list avia-icon-list-left av-iconlist-big avia_animate_when_almost_visible avia-iconlist-animate'>\n<li><div  class='iconlist_icon  avia-font-entypo-fontello'><span class='iconlist-char ' aria-hidden='true' data-av_icon='\ue842' data-av_iconfont='entypo-fontello'><\/span><\/div><article class=\"article-icon-entry \"  itemscope=\"itemscope\" itemtype=\"https:\/\/schema.org\/CreativeWork\" ><div class='iconlist_content_wrap'><header class=\"entry-content-header\"><h4 class='av_iconlist_title iconlist_title  av_inherit_color '  itemprop=\"headline\"   style='color:#ffffff; '>ADDRESS<\/h4><\/header><div class='iconlist_content av_inherit_color '  itemprop=\"text\"   style='color:#ffffff; '><p>Me\u015frutiyet Mh. Hac\u0131mansur Sk.\u00a0No:8 M\u0130M PLAZA B Blok \u00a0K:4 D:77 \u015ei\u015fli \/ \u0130stanbul \/ TURKEY<\/p>\n<\/div><\/div><footer class=\"entry-footer\"><\/footer><\/article><div class='iconlist-timeline'><\/div><\/li>\n<li><div  class='iconlist_icon  avia-font-entypo-fontello'><span class='iconlist-char ' aria-hidden='true' data-av_icon='\ue854' data-av_iconfont='entypo-fontello'><\/span><\/div><article class=\"article-icon-entry \"  itemscope=\"itemscope\" itemtype=\"https:\/\/schema.org\/CreativeWork\" ><div class='iconlist_content_wrap'><header class=\"entry-content-header\"><h4 class='av_iconlist_title iconlist_title  av_inherit_color '  itemprop=\"headline\"   style='color:#ffffff; '>PHONE<\/h4><\/header><div class='iconlist_content av_inherit_color '  itemprop=\"text\"   style='color:#ffffff; '><p>+90 546 523 61 61<\/p>\n<\/div><\/div><footer class=\"entry-footer\"><\/footer><\/article><div class='iconlist-timeline'><\/div><\/li>\n<li><div  class='iconlist_icon  avia-font-entypo-fontello'><span class='iconlist-char ' aria-hidden='true' data-av_icon='\ue805' data-av_iconfont='entypo-fontello'><\/span><\/div><article class=\"article-icon-entry \"  itemscope=\"itemscope\" itemtype=\"https:\/\/schema.org\/CreativeWork\" ><div class='iconlist_content_wrap'><header class=\"entry-content-header\"><h4 class='av_iconlist_title iconlist_title  av_inherit_color '  itemprop=\"headline\"   style='color:#ffffff; '>E-MAIL<\/h4><\/header><div class='iconlist_content av_inherit_color '  itemprop=\"text\"   style='color:#ffffff; '><p>info@shiroi.com.tr<\/p>\n<\/div><\/div><footer class=\"entry-footer\"><\/footer><\/article><div class='iconlist-timeline'><\/div><\/li>\n<\/ul><\/div><\/p><\/div><div class=\"flex_column av_one_fourth  flex_column_div   avia-builder-el-7  el_after_av_one_half  avia-builder-el-last  \" ><\/div><\/div><\/div><\/main><!-- close content main element --><\/div><\/div><div id='after_section_1'  class='main_color av_default_container_wrap container_wrap sidebar_right' style=' '  ><div class='container' ><div class='template-page content  av-content-small alpha units'><div class='post-entry post-entry-type-page post-entry-14'><div class='entry-content-wrapper clearfix'>\n","protected":false},"excerpt":{"rendered":"","protected":false},"author":2,"featured_media":0,"parent":0,"menu_order":0,"comment_status":"open","ping_status":"closed","template":"template-blank.php","meta":[],"_links":{"self":[{"href":"https:\/\/shiroi.com.tr\/index.php?rest_route=\/wp\/v2\/pages\/14"}],"collection":[{"href":"https:\/\/shiroi.com.tr\/index.php?rest_route=\/wp\/v2\/pages"}],"about":[{"href":"https:\/\/shiroi.com.tr\/index.php?rest_route=\/wp\/v2\/types\/page"}],"author":[{"embeddable":true,"href":"https:\/\/shiroi.com.tr\/index.php?rest_route=\/wp\/v2\/users\/2"}],"replies":[{"embeddable":true,"href":"https:\/\/shiroi.com.tr\/index.php?rest_route=%2Fwp%2Fv2%2Fcomments&post=14"}],"version-history":[{"count":8,"href":"https:\/\/shiroi.com.tr\/index.php?rest_route=\/wp\/v2\/pages\/14\/revisions"}],"predecessor-version":[{"id":28,"href":"https:\/\/shiroi.com.tr\/index.php?rest_route=\/wp\/v2\/pages\/14\/revisions\/28"}],"wp:attachment":[{"href":"https:\/\/shiroi.com.tr\/index.php?rest_route=%2Fwp%2Fv2%2Fmedia&parent=14"}],"curies":[{"name":"wp","href":"https:\/\/api.w.org\/{rel}","templated":true}]}}